{"id":19,"date":"2023-08-09T10:20:31","date_gmt":"2023-08-09T10:20:31","guid":{"rendered":"https:\/\/web4.rkinformatika.net\/autokramer\/?page_id=19"},"modified":"2023-08-23T07:44:18","modified_gmt":"2023-08-23T07:44:18","slug":"servicio","status":"publish","type":"page","link":"https:\/\/autokramer.es\/eu\/servicio\/","title":{"rendered":"Zerbitzuak"},"content":{"rendered":"<div data-elementor-type=\"wp-page\" data-elementor-id=\"19\" class=\"elementor elementor-19\" data-elementor-post-type=\"page\">\n\t\t\t\t\t\t<section class=\"elementor-section elementor-top-section elementor-element elementor-element-e45d5df elementor-section-boxed elementor-section-height-default elementor-section-height-default\" data-id=\"e45d5df\" data-element_type=\"section\" data-e-type=\"section\" data-settings=\"{&quot;background_background&quot;:&quot;classic&quot;}\">\n\t\t\t\t\t\t\t<div class=\"elementor-background-overlay\"><\/div>\n\t\t\t\t\t\t\t<div class=\"elementor-container elementor-column-gap-default\">\n\t\t\t\t\t<div class=\"elementor-column elementor-col-100 elementor-top-column elementor-element elementor-element-0fa7319\" data-id=\"0fa7319\" data-element_type=\"column\" data-e-type=\"column\">\n\t\t\t<div class=\"elementor-widget-wrap\">\n\t\t\t\t\t\t\t<\/div>\n\t\t<\/div>\n\t\t\t\t\t<\/div>\n\t\t<\/section>\n\t\t\t\t<section class=\"elementor-section elementor-top-section elementor-element elementor-element-c1157a6 elementor-section-boxed elementor-section-height-default elementor-section-height-default\" data-id=\"c1157a6\" data-element_type=\"section\" data-e-type=\"section\">\n\t\t\t\t\t\t<div class=\"elementor-container elementor-column-gap-default\">\n\t\t\t\t\t<div class=\"elementor-column elementor-col-100 elementor-top-column elementor-element elementor-element-f083a8b\" data-id=\"f083a8b\" data-element_type=\"column\" data-e-type=\"column\">\n\t\t\t<div class=\"elementor-widget-wrap elementor-element-populated\">\n\t\t\t\t\t\t<div class=\"elementor-element elementor-element-78bf963 elementor-invisible elementor-widget elementor-widget-heading\" data-id=\"78bf963\" data-element_type=\"widget\" data-e-type=\"widget\" data-settings=\"{&quot;_animation&quot;:&quot;fadeIn&quot;}\" data-widget_type=\"heading.default\">\n\t\t\t\t<div class=\"elementor-widget-container\">\n\t\t\t\t\t<h2 class=\"elementor-heading-title elementor-size-default\">Gure zerbitzuak<\/h2>\t\t\t\t<\/div>\n\t\t\t\t<\/div>\n\t\t\t\t<section class=\"elementor-section elementor-inner-section elementor-element elementor-element-1a2c60c elementor-section-boxed elementor-section-height-default elementor-section-height-default elementor-invisible\" data-id=\"1a2c60c\" data-element_type=\"section\" data-e-type=\"section\" data-settings=\"{&quot;animation&quot;:&quot;fadeInDown&quot;,&quot;animation_delay&quot;:800}\">\n\t\t\t\t\t\t<div class=\"elementor-container elementor-column-gap-default\">\n\t\t\t\t\t<div class=\"elementor-column elementor-col-33 elementor-inner-column elementor-element elementor-element-bf98b80\" data-id=\"bf98b80\" data-element_type=\"column\" data-e-type=\"column\" data-settings=\"{&quot;background_background&quot;:&quot;classic&quot;}\">\n\t\t\t<div class=\"elementor-widget-wrap elementor-element-populated\">\n\t\t\t\t\t\t<div class=\"elementor-element elementor-element-5798c7e elementor-widget elementor-widget-heading\" data-id=\"5798c7e\" data-element_type=\"widget\" data-e-type=\"widget\" data-widget_type=\"heading.default\">\n\t\t\t\t<div class=\"elementor-widget-container\">\n\t\t\t\t\t<h4 class=\"elementor-heading-title elementor-size-default\">Automobilen ordezko piezak<\/h4>\t\t\t\t<\/div>\n\t\t\t\t<\/div>\n\t\t\t\t<div class=\"elementor-element elementor-element-9007a2f elementor-widget elementor-widget-text-editor\" data-id=\"9007a2f\" data-element_type=\"widget\" data-e-type=\"widget\" data-widget_type=\"text-editor.default\">\n\t\t\t\t<div class=\"elementor-widget-container\">\n\t\t\t\t\t\t\t\t\t<p>Kostu baxuko kotxeen piezak. Edozein kotxetarako edozein pieza aurki dezakegu.<\/p>\t\t\t\t\t\t\t\t<\/div>\n\t\t\t\t<\/div>\n\t\t\t\t\t<\/div>\n\t\t<\/div>\n\t\t\t\t<div class=\"elementor-column elementor-col-33 elementor-inner-column elementor-element elementor-element-02efe98\" data-id=\"02efe98\" data-element_type=\"column\" data-e-type=\"column\">\n\t\t\t<div class=\"elementor-widget-wrap elementor-element-populated\">\n\t\t\t\t\t\t<div class=\"elementor-element elementor-element-ff963ad elementor-widget elementor-widget-image\" data-id=\"ff963ad\" data-element_type=\"widget\" data-e-type=\"widget\" data-widget_type=\"image.default\">\n\t\t\t\t<div class=\"elementor-widget-container\">\n\t\t\t\t\t\t\t\t\t\t\t\t\t\t\t<img decoding=\"async\" src=\"https:\/\/autokramer.es\/wp-content\/uploads\/elementor\/thumbs\/woman-driving-car-female-hand-change-speed-on-the-manual-gearbox-qap41568zhrsuqmzy65eoic9mizdm2vpipzil0nxio.jpg\" title=\"Woman driving car. Female hand change speed on the manual gearbox\" alt=\"Woman driving car. Female hand change speed on the manual gearbox\" loading=\"lazy\" \/>\t\t\t\t\t\t\t\t\t\t\t\t\t\t\t<\/div>\n\t\t\t\t<\/div>\n\t\t\t\t\t<\/div>\n\t\t<\/div>\n\t\t\t\t<div class=\"elementor-column elementor-col-33 elementor-inner-column elementor-element elementor-element-0c5649e\" data-id=\"0c5649e\" data-element_type=\"column\" data-e-type=\"column\" data-settings=\"{&quot;background_background&quot;:&quot;classic&quot;}\">\n\t\t\t<div class=\"elementor-widget-wrap elementor-element-populated\">\n\t\t\t\t\t\t<div class=\"elementor-element elementor-element-04b829e elementor-widget elementor-widget-heading\" data-id=\"04b829e\" data-element_type=\"widget\" data-e-type=\"widget\" data-widget_type=\"heading.default\">\n\t\t\t\t<div class=\"elementor-widget-container\">\n\t\t\t\t\t<h4 class=\"elementor-heading-title elementor-size-default\">Pneumatikoen salerosketa<\/h4>\t\t\t\t<\/div>\n\t\t\t\t<\/div>\n\t\t\t\t<div class=\"elementor-element elementor-element-7f36b8e elementor-widget elementor-widget-text-editor\" data-id=\"7f36b8e\" data-element_type=\"widget\" data-e-type=\"widget\" data-widget_type=\"text-editor.default\">\n\t\t\t\t<div class=\"elementor-widget-container\">\n\t\t\t\t\t\t\t\t\t<p>Ezagutu gure gama eta aurkitu azkar zure kotxerako pneumatiko egokiak.<\/p>\t\t\t\t\t\t\t\t<\/div>\n\t\t\t\t<\/div>\n\t\t\t\t\t<\/div>\n\t\t<\/div>\n\t\t\t\t\t<\/div>\n\t\t<\/section>\n\t\t\t\t<section class=\"elementor-section elementor-inner-section elementor-element elementor-element-7e403e4 elementor-section-boxed elementor-section-height-default elementor-section-height-default elementor-invisible\" data-id=\"7e403e4\" data-element_type=\"section\" data-e-type=\"section\" data-settings=\"{&quot;animation&quot;:&quot;fadeInLeft&quot;,&quot;animation_delay&quot;:900}\">\n\t\t\t\t\t\t<div class=\"elementor-container elementor-column-gap-default\">\n\t\t\t\t\t<div class=\"elementor-column elementor-col-33 elementor-inner-column elementor-element elementor-element-37a1f18\" data-id=\"37a1f18\" data-element_type=\"column\" data-e-type=\"column\">\n\t\t\t<div class=\"elementor-widget-wrap elementor-element-populated\">\n\t\t\t\t\t\t<div class=\"elementor-element elementor-element-bfafb5e elementor-widget elementor-widget-image\" data-id=\"bfafb5e\" data-element_type=\"widget\" data-e-type=\"widget\" data-widget_type=\"image.default\">\n\t\t\t\t<div class=\"elementor-widget-container\">\n\t\t\t\t\t\t\t\t\t\t\t\t\t\t\t<img decoding=\"async\" src=\"https:\/\/autokramer.es\/wp-content\/uploads\/elementor\/thumbs\/Blog-5-qanpg1oy1qttc1vsvhpcek1pd0xpou9454oneutmk0.jpg\" title=\"Blog-5.jpg\" alt=\"Blog-5.jpg\" loading=\"lazy\" \/>\t\t\t\t\t\t\t\t\t\t\t\t\t\t\t<\/div>\n\t\t\t\t<\/div>\n\t\t\t\t\t<\/div>\n\t\t<\/div>\n\t\t\t\t<div class=\"elementor-column elementor-col-33 elementor-inner-column elementor-element elementor-element-e4ecd2d\" data-id=\"e4ecd2d\" data-element_type=\"column\" data-e-type=\"column\" data-settings=\"{&quot;background_background&quot;:&quot;classic&quot;}\">\n\t\t\t<div class=\"elementor-widget-wrap elementor-element-populated\">\n\t\t\t\t\t\t<div class=\"elementor-element elementor-element-bd0837c elementor-widget elementor-widget-heading\" data-id=\"bd0837c\" data-element_type=\"widget\" data-e-type=\"widget\" data-widget_type=\"heading.default\">\n\t\t\t\t<div class=\"elementor-widget-container\">\n\t\t\t\t\t<h4 class=\"elementor-heading-title elementor-size-default\">Kotxeen erreparazioak eta mantenimentua<\/h4>\t\t\t\t<\/div>\n\t\t\t\t<\/div>\n\t\t\t\t<div class=\"elementor-element elementor-element-367b52d elementor-widget elementor-widget-text-editor\" data-id=\"367b52d\" data-element_type=\"widget\" data-e-type=\"widget\" data-widget_type=\"text-editor.default\">\n\t\t\t\t<div class=\"elementor-widget-container\">\n\t\t\t\t\t\t\t\t\t<p>Zure kotxeen gauzak ondo funtzionatzen <em>jarraitzea eta segurtasunez bidaiatzea, hor da gure beharra!<\/em><\/p>\t\t\t\t\t\t\t\t<\/div>\n\t\t\t\t<\/div>\n\t\t\t\t\t<\/div>\n\t\t<\/div>\n\t\t\t\t<div class=\"elementor-column elementor-col-33 elementor-inner-column elementor-element elementor-element-3ab7856\" data-id=\"3ab7856\" data-element_type=\"column\" data-e-type=\"column\">\n\t\t\t<div class=\"elementor-widget-wrap elementor-element-populated\">\n\t\t\t\t\t\t<div class=\"elementor-element elementor-element-57116ab elementor-widget elementor-widget-image\" data-id=\"57116ab\" data-element_type=\"widget\" data-e-type=\"widget\" data-widget_type=\"image.default\">\n\t\t\t\t<div class=\"elementor-widget-container\">\n\t\t\t\t\t\t\t\t\t\t\t\t\t\t\t<img decoding=\"async\" src=\"https:\/\/autokramer.es\/wp-content\/uploads\/elementor\/thumbs\/repair-service-composition-small-qanpg3kmfewdz9t2kiiljjkmjsog48gktdzmdequ7k.jpg\" title=\"repair-service-composition-small.jpg\" alt=\"repair-service-composition-small.jpg\" loading=\"lazy\" \/>\t\t\t\t\t\t\t\t\t\t\t\t\t\t\t<\/div>\n\t\t\t\t<\/div>\n\t\t\t\t\t<\/div>\n\t\t<\/div>\n\t\t\t\t\t<\/div>\n\t\t<\/section>\n\t\t\t\t<section class=\"elementor-section elementor-inner-section elementor-element elementor-element-c41bc38 elementor-section-boxed elementor-section-height-default elementor-section-height-default elementor-invisible\" data-id=\"c41bc38\" data-element_type=\"section\" data-e-type=\"section\" data-settings=\"{&quot;animation&quot;:&quot;fadeInRight&quot;,&quot;animation_delay&quot;:800}\">\n\t\t\t\t\t\t<div class=\"elementor-container elementor-column-gap-default\">\n\t\t\t\t\t<div class=\"elementor-column elementor-col-33 elementor-inner-column elementor-element elementor-element-4549389\" data-id=\"4549389\" data-element_type=\"column\" data-e-type=\"column\" data-settings=\"{&quot;background_background&quot;:&quot;classic&quot;}\">\n\t\t\t<div class=\"elementor-widget-wrap elementor-element-populated\">\n\t\t\t\t\t\t<div class=\"elementor-element elementor-element-b3aece6 elementor-widget elementor-widget-heading\" data-id=\"b3aece6\" data-element_type=\"widget\" data-e-type=\"widget\" data-widget_type=\"heading.default\">\n\t\t\t\t<div class=\"elementor-widget-container\">\n\t\t\t\t\t<h4 class=\"elementor-heading-title elementor-size-default\">Kontrol-unitatearen birprogramazioa<\/h4>\t\t\t\t<\/div>\n\t\t\t\t<\/div>\n\t\t\t\t<div class=\"elementor-element elementor-element-ca06a87 elementor-widget elementor-widget-text-editor\" data-id=\"ca06a87\" data-element_type=\"widget\" data-e-type=\"widget\" data-widget_type=\"text-editor.default\">\n\t\t\t\t<div class=\"elementor-widget-container\">\n\t\t\t\t\t\t\t\t\t<p><em>Kontrol-unitatearen<\/em> birprogramazioa ibilgailuaren erantzuna aldatzeko aukera ematen du, eta horrela potentzia handitu eta kontsumoa eraino murrizten da.<\/p>\t\t\t\t\t\t\t\t<\/div>\n\t\t\t\t<\/div>\n\t\t\t\t\t<\/div>\n\t\t<\/div>\n\t\t\t\t<div class=\"elementor-column elementor-col-33 elementor-inner-column elementor-element elementor-element-d8e7214\" data-id=\"d8e7214\" data-element_type=\"column\" data-e-type=\"column\">\n\t\t\t<div class=\"elementor-widget-wrap elementor-element-populated\">\n\t\t\t\t\t\t<div class=\"elementor-element elementor-element-bf3aa55 elementor-widget elementor-widget-image\" data-id=\"bf3aa55\" data-element_type=\"widget\" data-e-type=\"widget\" data-widget_type=\"image.default\">\n\t\t\t\t<div class=\"elementor-widget-container\">\n\t\t\t\t\t\t\t\t\t\t\t\t\t\t\t<img decoding=\"async\" src=\"https:\/\/autokramer.es\/wp-content\/uploads\/elementor\/thumbs\/auto-service-qapgs7kmsm772rthblrzfnylz4auwfcdaw2ic002nk.jpg\" title=\"Auto service\" alt=\"Auto service\" loading=\"lazy\" \/>\t\t\t\t\t\t\t\t\t\t\t\t\t\t\t<\/div>\n\t\t\t\t<\/div>\n\t\t\t\t\t<\/div>\n\t\t<\/div>\n\t\t\t\t<div class=\"elementor-column elementor-col-33 elementor-inner-column elementor-element elementor-element-96cacbe\" data-id=\"96cacbe\" data-element_type=\"column\" data-e-type=\"column\" data-settings=\"{&quot;background_background&quot;:&quot;classic&quot;}\">\n\t\t\t<div class=\"elementor-widget-wrap elementor-element-populated\">\n\t\t\t\t\t\t<div class=\"elementor-element elementor-element-a93f630 elementor-widget elementor-widget-heading\" data-id=\"a93f630\" data-element_type=\"widget\" data-e-type=\"widget\" data-widget_type=\"heading.default\">\n\t\t\t\t<div class=\"elementor-widget-container\">\n\t\t\t\t\t<h4 class=\"elementor-heading-title elementor-size-default\">Motorrak indartzea<\/h4>\t\t\t\t<\/div>\n\t\t\t\t<\/div>\n\t\t\t\t<div class=\"elementor-element elementor-element-5d2272c elementor-widget elementor-widget-text-editor\" data-id=\"5d2272c\" data-element_type=\"widget\" data-e-type=\"widget\" data-widget_type=\"text-editor.default\">\n\t\t\t\t<div class=\"elementor-widget-container\">\n\t\t\t\t\t\t\t\t\t<p>Kotxearen potentzia arte handitzen dugu eta kontsumoa arte murrizten dugu.<\/p>\t\t\t\t\t\t\t\t<\/div>\n\t\t\t\t<\/div>\n\t\t\t\t\t<\/div>\n\t\t<\/div>\n\t\t\t\t\t<\/div>\n\t\t<\/section>\n\t\t\t\t<section class=\"elementor-section elementor-inner-section elementor-element elementor-element-1c3e6a9 elementor-section-boxed elementor-section-height-default elementor-section-height-default elementor-invisible\" data-id=\"1c3e6a9\" data-element_type=\"section\" data-e-type=\"section\" data-settings=\"{&quot;animation&quot;:&quot;fadeInUp&quot;,&quot;animation_delay&quot;:900}\">\n\t\t\t\t\t\t<div class=\"elementor-container elementor-column-gap-default\">\n\t\t\t\t\t<div class=\"elementor-column elementor-col-33 elementor-inner-column elementor-element elementor-element-4b0ba44\" data-id=\"4b0ba44\" data-element_type=\"column\" data-e-type=\"column\">\n\t\t\t<div class=\"elementor-widget-wrap elementor-element-populated\">\n\t\t\t\t\t\t<div class=\"elementor-element elementor-element-84f2bfa elementor-widget elementor-widget-image\" data-id=\"84f2bfa\" data-element_type=\"widget\" data-e-type=\"widget\" data-widget_type=\"image.default\">\n\t\t\t\t<div class=\"elementor-widget-container\">\n\t\t\t\t\t\t\t\t\t\t\t\t\t\t\t<img decoding=\"async\" src=\"https:\/\/autokramer.es\/wp-content\/uploads\/elementor\/thumbs\/transportation-qap6hu7zvp6ue3sx10d2gml3kft8xvzw1q3xtz5kds.jpg\" title=\"transportation\" alt=\"transportation\" loading=\"lazy\" \/>\t\t\t\t\t\t\t\t\t\t\t\t\t\t\t<\/div>\n\t\t\t\t<\/div>\n\t\t\t\t\t<\/div>\n\t\t<\/div>\n\t\t\t\t<div class=\"elementor-column elementor-col-33 elementor-inner-column elementor-element elementor-element-4837590\" data-id=\"4837590\" data-element_type=\"column\" data-e-type=\"column\" data-settings=\"{&quot;background_background&quot;:&quot;classic&quot;}\">\n\t\t\t<div class=\"elementor-widget-wrap elementor-element-populated\">\n\t\t\t\t\t\t<div class=\"elementor-element elementor-element-cbbb620 elementor-widget elementor-widget-heading\" data-id=\"cbbb620\" data-element_type=\"widget\" data-e-type=\"widget\" data-widget_type=\"heading.default\">\n\t\t\t\t<div class=\"elementor-widget-container\">\n\t\t\t\t\t<h4 class=\"elementor-heading-title elementor-size-default\">Erremolke lokarriak<\/h4>\t\t\t\t<\/div>\n\t\t\t\t<\/div>\n\t\t\t\t<div class=\"elementor-element elementor-element-9f166c3 elementor-widget elementor-widget-text-editor\" data-id=\"9f166c3\" data-element_type=\"widget\" data-e-type=\"widget\" data-widget_type=\"text-editor.default\">\n\t\t\t\t<div class=\"elementor-widget-container\">\n\t\t\t\t\t\t\t\t\t<p>Zure eskura jartzen ditugu hainbat erremolke lorrarria ezberdinak: bola-finkoak, bola horizontalak, desmuntagarria, bertikala...<\/p>\t\t\t\t\t\t\t\t<\/div>\n\t\t\t\t<\/div>\n\t\t\t\t\t<\/div>\n\t\t<\/div>\n\t\t\t\t<div class=\"elementor-column elementor-col-33 elementor-inner-column elementor-element elementor-element-6ae90c7\" data-id=\"6ae90c7\" data-element_type=\"column\" data-e-type=\"column\">\n\t\t\t<div class=\"elementor-widget-wrap elementor-element-populated\">\n\t\t\t\t\t\t<div class=\"elementor-element elementor-element-0857edf elementor-widget elementor-widget-image\" data-id=\"0857edf\" data-element_type=\"widget\" data-e-type=\"widget\" data-widget_type=\"image.default\">\n\t\t\t\t<div class=\"elementor-widget-container\">\n\t\t\t\t\t\t\t\t\t\t\t\t\t\t\t<img decoding=\"async\" src=\"https:\/\/autokramer.es\/wp-content\/uploads\/elementor\/thumbs\/tow-hitch-for-towing-a-trailer-of-suv-day-horisontalshot-front-view-qap6gtkah5sntba5z2im9du4eetxloycwoo046nx4g.jpg\" title=\"Tow hitch for towing a trailer of SUV. Day, horisontalshot Front view\" alt=\"Tow hitch for towing a trailer of SUV. Day, horisontalshot Front view\" loading=\"lazy\" \/>\t\t\t\t\t\t\t\t\t\t\t\t\t\t\t<\/div>\n\t\t\t\t<\/div>\n\t\t\t\t\t<\/div>\n\t\t<\/div>\n\t\t\t\t\t<\/div>\n\t\t<\/section>\n\t\t\t\t\t<\/div>\n\t\t<\/div>\n\t\t\t\t\t<\/div>\n\t\t<\/section>\n\t\t\t\t<\/div>","protected":false},"excerpt":{"rendered":"<p>Nuestros Servicios Recambio de Autom\u00f3vil Recambio de automovil a bajo costo. Podemos encontrar cualquier repuesto para cualquier coche. Ventas de Neum\u00e1ticos Descubre nuestra gama y encuentra r\u00e1pidamente los neum\u00e1ticos adecuados para tu coche. Reparaci\u00f3n y Mantenimiento de Autom\u00f3vil Cuidar que las cosas sigan funcionando de forma correcta en su coche y viaje de forma segura, [&hellip;]<\/p>\n","protected":false},"author":1,"featured_media":0,"parent":0,"menu_order":0,"comment_status":"closed","ping_status":"closed","template":"elementor_canvas","meta":{"footnotes":""},"class_list":["post-19","page","type-page","status-publish","hentry"],"yoast_head":"<!-- This site is optimized with the Yoast SEO plugin v27.5 - https:\/\/yoast.com\/product\/yoast-seo-wordpress\/ -->\n<title>Servicios - Auto Kramer<\/title>\n<meta name=\"robots\" content=\"index, follow, max-snippet:-1, max-image-preview:large, max-video-preview:-1\" \/>\n<link rel=\"canonical\" href=\"https:\/\/autokramer.es\/eu\/servicio\/\" \/>\n<meta property=\"og:locale\" content=\"en_US\" \/>\n<meta property=\"og:type\" content=\"article\" \/>\n<meta property=\"og:title\" content=\"Servicios - Auto Kramer\" \/>\n<meta property=\"og:description\" content=\"Nuestros Servicios Recambio de Autom\u00f3vil Recambio de automovil a bajo costo. Podemos encontrar cualquier repuesto para cualquier coche. Ventas de Neum\u00e1ticos Descubre nuestra gama y encuentra r\u00e1pidamente los neum\u00e1ticos adecuados para tu coche. Reparaci\u00f3n y Mantenimiento de Autom\u00f3vil Cuidar que las cosas sigan funcionando de forma correcta en su coche y viaje de forma segura, [&hellip;]\" \/>\n<meta property=\"og:url\" content=\"https:\/\/autokramer.es\/eu\/servicio\/\" \/>\n<meta property=\"og:site_name\" content=\"Auto Kramer\" \/>\n<meta property=\"article:modified_time\" content=\"2023-08-23T07:44:18+00:00\" \/>\n<meta property=\"og:image\" content=\"https:\/\/autokramer.es\/wp-content\/uploads\/elementor\/thumbs\/woman-driving-car-female-hand-change-speed-on-the-manual-gearbox-qap41568zhrsuqmzy65eoic9mizdm2vpipzil0nxio.jpg\" \/>\n<meta name=\"twitter:card\" content=\"summary_large_image\" \/>\n<meta name=\"twitter:label1\" content=\"Est. reading time\" \/>\n\t<meta name=\"twitter:data1\" content=\"2 minutua\" \/>\n<script type=\"application\/ld+json\" class=\"yoast-schema-graph\">{\"@context\":\"https:\\\/\\\/schema.org\",\"@graph\":[{\"@type\":\"WebPage\",\"@id\":\"https:\\\/\\\/autokramer.es\\\/servicio\\\/\",\"url\":\"https:\\\/\\\/autokramer.es\\\/servicio\\\/\",\"name\":\"Servicios - Auto Kramer\",\"isPartOf\":{\"@id\":\"https:\\\/\\\/autokramer.es\\\/#website\"},\"primaryImageOfPage\":{\"@id\":\"https:\\\/\\\/autokramer.es\\\/servicio\\\/#primaryimage\"},\"image\":{\"@id\":\"https:\\\/\\\/autokramer.es\\\/servicio\\\/#primaryimage\"},\"thumbnailUrl\":\"https:\\\/\\\/autokramer.es\\\/wp-content\\\/uploads\\\/elementor\\\/thumbs\\\/woman-driving-car-female-hand-change-speed-on-the-manual-gearbox-qap41568zhrsuqmzy65eoic9mizdm2vpipzil0nxio.jpg\",\"datePublished\":\"2023-08-09T10:20:31+00:00\",\"dateModified\":\"2023-08-23T07:44:18+00:00\",\"breadcrumb\":{\"@id\":\"https:\\\/\\\/autokramer.es\\\/servicio\\\/#breadcrumb\"},\"inLanguage\":\"eu\",\"potentialAction\":[{\"@type\":\"ReadAction\",\"target\":[\"https:\\\/\\\/autokramer.es\\\/servicio\\\/\"]}]},{\"@type\":\"ImageObject\",\"inLanguage\":\"eu\",\"@id\":\"https:\\\/\\\/autokramer.es\\\/servicio\\\/#primaryimage\",\"url\":\"https:\\\/\\\/autokramer.es\\\/wp-content\\\/uploads\\\/elementor\\\/thumbs\\\/woman-driving-car-female-hand-change-speed-on-the-manual-gearbox-qap41568zhrsuqmzy65eoic9mizdm2vpipzil0nxio.jpg\",\"contentUrl\":\"https:\\\/\\\/autokramer.es\\\/wp-content\\\/uploads\\\/elementor\\\/thumbs\\\/woman-driving-car-female-hand-change-speed-on-the-manual-gearbox-qap41568zhrsuqmzy65eoic9mizdm2vpipzil0nxio.jpg\"},{\"@type\":\"BreadcrumbList\",\"@id\":\"https:\\\/\\\/autokramer.es\\\/servicio\\\/#breadcrumb\",\"itemListElement\":[{\"@type\":\"ListItem\",\"position\":1,\"name\":\"Portada\",\"item\":\"https:\\\/\\\/autokramer.es\\\/\"},{\"@type\":\"ListItem\",\"position\":2,\"name\":\"Servicios\"}]},{\"@type\":\"WebSite\",\"@id\":\"https:\\\/\\\/autokramer.es\\\/#website\",\"url\":\"https:\\\/\\\/autokramer.es\\\/\",\"name\":\"Auto Kramer\",\"description\":\"Auto Kramer\",\"publisher\":{\"@id\":\"https:\\\/\\\/autokramer.es\\\/#organization\"},\"potentialAction\":[{\"@type\":\"SearchAction\",\"target\":{\"@type\":\"EntryPoint\",\"urlTemplate\":\"https:\\\/\\\/autokramer.es\\\/?s={search_term_string}\"},\"query-input\":{\"@type\":\"PropertyValueSpecification\",\"valueRequired\":true,\"valueName\":\"search_term_string\"}}],\"inLanguage\":\"eu\"},{\"@type\":\"Organization\",\"@id\":\"https:\\\/\\\/autokramer.es\\\/#organization\",\"name\":\"Auto Kramer\",\"url\":\"https:\\\/\\\/autokramer.es\\\/\",\"logo\":{\"@type\":\"ImageObject\",\"inLanguage\":\"eu\",\"@id\":\"https:\\\/\\\/autokramer.es\\\/#\\\/schema\\\/logo\\\/image\\\/\",\"url\":\"https:\\\/\\\/autokramer.es\\\/wp-content\\\/uploads\\\/2023\\\/08\\\/cropped-Logo_Mesa-de-trabajo-1.png\",\"contentUrl\":\"https:\\\/\\\/autokramer.es\\\/wp-content\\\/uploads\\\/2023\\\/08\\\/cropped-Logo_Mesa-de-trabajo-1.png\",\"width\":1920,\"height\":333,\"caption\":\"Auto Kramer\"},\"image\":{\"@id\":\"https:\\\/\\\/autokramer.es\\\/#\\\/schema\\\/logo\\\/image\\\/\"}}]}<\/script>\n<!-- \/ Yoast SEO plugin. -->","yoast_head_json":{"title":"Servicios - Auto Kramer","robots":{"index":"index","follow":"follow","max-snippet":"max-snippet:-1","max-image-preview":"max-image-preview:large","max-video-preview":"max-video-preview:-1"},"canonical":"https:\/\/autokramer.es\/eu\/servicio\/","og_locale":"en_US","og_type":"article","og_title":"Servicios - Auto Kramer","og_description":"Nuestros Servicios Recambio de Autom\u00f3vil Recambio de automovil a bajo costo. Podemos encontrar cualquier repuesto para cualquier coche. Ventas de Neum\u00e1ticos Descubre nuestra gama y encuentra r\u00e1pidamente los neum\u00e1ticos adecuados para tu coche. Reparaci\u00f3n y Mantenimiento de Autom\u00f3vil Cuidar que las cosas sigan funcionando de forma correcta en su coche y viaje de forma segura, [&hellip;]","og_url":"https:\/\/autokramer.es\/eu\/servicio\/","og_site_name":"Auto Kramer","article_modified_time":"2023-08-23T07:44:18+00:00","og_image":[{"url":"https:\/\/autokramer.es\/wp-content\/uploads\/elementor\/thumbs\/woman-driving-car-female-hand-change-speed-on-the-manual-gearbox-qap41568zhrsuqmzy65eoic9mizdm2vpipzil0nxio.jpg","type":"","width":"","height":""}],"twitter_card":"summary_large_image","twitter_misc":{"Est. reading time":"2 minutua"},"schema":{"@context":"https:\/\/schema.org","@graph":[{"@type":"WebPage","@id":"https:\/\/autokramer.es\/servicio\/","url":"https:\/\/autokramer.es\/servicio\/","name":"Servicios - Auto Kramer","isPartOf":{"@id":"https:\/\/autokramer.es\/#website"},"primaryImageOfPage":{"@id":"https:\/\/autokramer.es\/servicio\/#primaryimage"},"image":{"@id":"https:\/\/autokramer.es\/servicio\/#primaryimage"},"thumbnailUrl":"https:\/\/autokramer.es\/wp-content\/uploads\/elementor\/thumbs\/woman-driving-car-female-hand-change-speed-on-the-manual-gearbox-qap41568zhrsuqmzy65eoic9mizdm2vpipzil0nxio.jpg","datePublished":"2023-08-09T10:20:31+00:00","dateModified":"2023-08-23T07:44:18+00:00","breadcrumb":{"@id":"https:\/\/autokramer.es\/servicio\/#breadcrumb"},"inLanguage":"eu","potentialAction":[{"@type":"ReadAction","target":["https:\/\/autokramer.es\/servicio\/"]}]},{"@type":"ImageObject","inLanguage":"eu","@id":"https:\/\/autokramer.es\/servicio\/#primaryimage","url":"https:\/\/autokramer.es\/wp-content\/uploads\/elementor\/thumbs\/woman-driving-car-female-hand-change-speed-on-the-manual-gearbox-qap41568zhrsuqmzy65eoic9mizdm2vpipzil0nxio.jpg","contentUrl":"https:\/\/autokramer.es\/wp-content\/uploads\/elementor\/thumbs\/woman-driving-car-female-hand-change-speed-on-the-manual-gearbox-qap41568zhrsuqmzy65eoic9mizdm2vpipzil0nxio.jpg"},{"@type":"BreadcrumbList","@id":"https:\/\/autokramer.es\/servicio\/#breadcrumb","itemListElement":[{"@type":"ListItem","position":1,"name":"Portada","item":"https:\/\/autokramer.es\/"},{"@type":"ListItem","position":2,"name":"Servicios"}]},{"@type":"WebSite","@id":"https:\/\/autokramer.es\/#website","url":"https:\/\/autokramer.es\/","name":"Auto Kramer","description":"Auto Kramer","publisher":{"@id":"https:\/\/autokramer.es\/#organization"},"potentialAction":[{"@type":"SearchAction","target":{"@type":"EntryPoint","urlTemplate":"https:\/\/autokramer.es\/?s={search_term_string}"},"query-input":{"@type":"PropertyValueSpecification","valueRequired":true,"valueName":"search_term_string"}}],"inLanguage":"eu"},{"@type":"Organization","@id":"https:\/\/autokramer.es\/#organization","name":"Auto Kramer","url":"https:\/\/autokramer.es\/","logo":{"@type":"ImageObject","inLanguage":"eu","@id":"https:\/\/autokramer.es\/#\/schema\/logo\/image\/","url":"https:\/\/autokramer.es\/wp-content\/uploads\/2023\/08\/cropped-Logo_Mesa-de-trabajo-1.png","contentUrl":"https:\/\/autokramer.es\/wp-content\/uploads\/2023\/08\/cropped-Logo_Mesa-de-trabajo-1.png","width":1920,"height":333,"caption":"Auto Kramer"},"image":{"@id":"https:\/\/autokramer.es\/#\/schema\/logo\/image\/"}}]}},"_links":{"self":[{"href":"https:\/\/autokramer.es\/eu\/wp-json\/wp\/v2\/pages\/19","targetHints":{"allow":["GET"]}}],"collection":[{"href":"https:\/\/autokramer.es\/eu\/wp-json\/wp\/v2\/pages"}],"about":[{"href":"https:\/\/autokramer.es\/eu\/wp-json\/wp\/v2\/types\/page"}],"author":[{"embeddable":true,"href":"https:\/\/autokramer.es\/eu\/wp-json\/wp\/v2\/users\/1"}],"replies":[{"embeddable":true,"href":"https:\/\/autokramer.es\/eu\/wp-json\/wp\/v2\/comments?post=19"}],"version-history":[{"count":115,"href":"https:\/\/autokramer.es\/eu\/wp-json\/wp\/v2\/pages\/19\/revisions"}],"predecessor-version":[{"id":752,"href":"https:\/\/autokramer.es\/eu\/wp-json\/wp\/v2\/pages\/19\/revisions\/752"}],"wp:attachment":[{"href":"https:\/\/autokramer.es\/eu\/wp-json\/wp\/v2\/media?parent=19"}],"curies":[{"name":"wp","href":"https:\/\/api.w.org\/{rel}","templated":true}]}}